{"id":694,"date":"2022-10-24T19:18:05","date_gmt":"2022-10-24T17:18:05","guid":{"rendered":"http:\/\/czar-klaudii.pl\/?page_id=694"},"modified":"2024-04-23T15:59:04","modified_gmt":"2024-04-23T13:59:04","slug":"elementor-694","status":"publish","type":"page","link":"https:\/\/bialy-diament.pl\/?page_id=694","title":{"rendered":"AISHA Czar Krakowa"},"content":{"rendered":"\t\t<div data-elementor-type=\"wp-page\" data-elementor-id=\"694\" class=\"elementor elementor-694\">\n\t\t\t\t\t\t<section class=\"elementor-section elementor-top-section elementor-element elementor-element-723d5a1 elementor-section-boxed elementor-section-height-default elementor-section-height-default\" data-id=\"723d5a1\" data-element_type=\"section\">\n\t\t\t\t\t\t<div class=\"elementor-container elementor-column-gap-default\">\n\t\t\t\t\t<div class=\"elementor-column elementor-col-100 elementor-top-column elementor-element elementor-element-e065b59\" data-id=\"e065b59\" data-element_type=\"column\">\n\t\t\t<div class=\"elementor-widget-wrap elementor-element-populated\">\n\t\t\t\t\t\t<div class=\"elementor-element elementor-element-f0f3298 elementor-widget elementor-widget-text-editor\" data-id=\"f0f3298\" data-element_type=\"widget\" data-widget_type=\"text-editor.default\">\n\t\t\t\t<div class=\"elementor-widget-container\">\n\t\t\t\t\t\t\t\t\t<div style=\"--flex-direction: initial; --flex-wrap: initial; --justify-content: initial; --align-items: initial; --align-content: initial; --gap: initial; --flex-basis: initial; --flex-grow: initial; --flex-shrink: initial; --order: initial; --align-self: initial; flex-flow: var(--flex-direction) var(--flex-wrap); gap: var(--gap); flex: var(--flex-grow) var(--flex-shrink) var(--flex-basis); --widgets-spacing: 25px; width: 960px;\" data-id=\"f6ae86d\" data-element_type=\"widget\" data-widget_type=\"text-editor.default\"><h1>AISHA Czar Krakowa<\/h1><p style=\"margin: 0px; font-stretch: normal; font-size: 20px; line-height: normal; font-family: 'Helvetica Neue'; color: #676767;\"><strong>CMO-0<\/strong><\/p><p style=\"margin: 0px; font-stretch: normal; font-size: 20px; line-height: normal; font-family: 'Helvetica Neue'; color: #676767;\">Champion Polski Weteran\u00f3w<\/p><p style=\"margin: 0px; font-stretch: normal; font-size: 20px; line-height: normal; font-family: 'Helvetica Neue'; color: #676767;\">Ojciec: <b>\u00a0I&#8217;M THE BEST Superbia<\/b>: M\u0141.CH.PL., M\u0141.CH.A, M\u0141.CH.CZ, M\u0141.CH.SK, M\u0141.ZW.EUR., M\u0141.ZW.\u015aW.KL., M\u0141.ZW.KL.PL., CH.PL., CH.HU., CH.SK., CH.LU., CH.A., CH.CZ., C.I.B.<\/p><p style=\"margin: 0px; font-stretch: normal; font-size: 20px; line-height: normal; font-family: 'Helvetica Neue'; color: #676767;\">Matka: <b>COOKIE ROLL Czar Krakowa<\/b>: CH.PL.<\/p><p style=\"margin: 0px; font-stretch: normal; font-size: 20px; line-height: normal; font-family: 'Helvetica Neue'; color: #676767;\">Ur. 30.03.2013r<\/p><p style=\"margin: 0px; font-stretch: normal; font-size: 20px; line-height: normal; font-family: 'Helvetica Neue'; color: #676767;\">\u00a0<\/p><\/div>\t\t\t\t\t\t\t\t<\/div>\n\t\t\t\t<\/div>\n\t\t\t\t<div class=\"elementor-element elementor-element-ab63579 elementor-widget elementor-widget-heading\" data-id=\"ab63579\" data-element_type=\"widget\" data-widget_type=\"heading.default\">\n\t\t\t\t<div class=\"elementor-widget-container\">\n\t\t\t\t\t<h2 class=\"elementor-heading-title elementor-size-default\">Rodow\u00f3d Aishy:<\/h2>\t\t\t\t<\/div>\n\t\t\t\t<\/div>\n\t\t\t\t<div class=\"elementor-element elementor-element-de9e74d elementor-widget elementor-widget-image\" data-id=\"de9e74d\" data-element_type=\"widget\" data-widget_type=\"image.default\">\n\t\t\t\t<div class=\"elementor-widget-container\">\n\t\t\t\t\t\t\t\t\t\t\t\t\t\t\t<img fetchpriority=\"high\" decoding=\"async\" width=\"1496\" height=\"315\" src=\"https:\/\/bialy-diament.pl\/wp-content\/uploads\/2024\/04\/Zrzut-ekranu-2024-04-23-o-15.55.45.png\" class=\"attachment-full size-full wp-image-961\" alt=\"\" srcset=\"https:\/\/bialy-diament.pl\/wp-content\/uploads\/2024\/04\/Zrzut-ekranu-2024-04-23-o-15.55.45.png 1496w, https:\/\/bialy-diament.pl\/wp-content\/uploads\/2024\/04\/Zrzut-ekranu-2024-04-23-o-15.55.45-300x63.png 300w, https:\/\/bialy-diament.pl\/wp-content\/uploads\/2024\/04\/Zrzut-ekranu-2024-04-23-o-15.55.45-1024x216.png 1024w, https:\/\/bialy-diament.pl\/wp-content\/uploads\/2024\/04\/Zrzut-ekranu-2024-04-23-o-15.55.45-768x162.png 768w\" sizes=\"(max-width: 1496px) 100vw, 1496px\" \/>\t\t\t\t\t\t\t\t\t\t\t\t\t\t\t<\/div>\n\t\t\t\t<\/div>\n\t\t\t\t<div class=\"elementor-element elementor-element-0e3723e elementor-widget elementor-widget-heading\" data-id=\"0e3723e\" data-element_type=\"widget\" data-widget_type=\"heading.default\">\n\t\t\t\t<div class=\"elementor-widget-container\">\n\t\t\t\t\t<h2 class=\"elementor-heading-title elementor-size-default\">Aisha jest mam\u0105 szczeni\u0105t:<\/h2>\t\t\t\t<\/div>\n\t\t\t\t<\/div>\n\t\t\t\t\t<\/div>\n\t\t<\/div>\n\t\t\t\t\t<\/div>\n\t\t<\/section>\n\t\t\t\t<section class=\"elementor-section elementor-top-section elementor-element elementor-element-0a29c60 elementor-section-boxed elementor-section-height-default elementor-section-height-default\" data-id=\"0a29c60\" data-element_type=\"section\">\n\t\t\t\t\t\t<div class=\"elementor-container elementor-column-gap-default\">\n\t\t\t\t\t<div class=\"elementor-column elementor-col-20 elementor-top-column elementor-element elementor-element-e6b0ef7\" data-id=\"e6b0ef7\" data-element_type=\"column\">\n\t\t\t<div class=\"elementor-widget-wrap elementor-element-populated\">\n\t\t\t\t\t\t<div class=\"elementor-element elementor-element-7648784 elementor-widget elementor-widget-heading\" data-id=\"7648784\" data-element_type=\"widget\" data-widget_type=\"heading.default\">\n\t\t\t\t<div class=\"elementor-widget-container\">\n\t\t\t\t\t<h2 class=\"elementor-heading-title elementor-size-default\"><a href=\"http:\/\/czar-klaudii.pl\/?page_id=66\">Miotu A<\/a><\/h2>\t\t\t\t<\/div>\n\t\t\t\t<\/div>\n\t\t\t\t\t<\/div>\n\t\t<\/div>\n\t\t\t\t<div class=\"elementor-column elementor-col-20 elementor-top-column elementor-element elementor-element-b97fe2f\" data-id=\"b97fe2f\" data-element_type=\"column\">\n\t\t\t<div class=\"elementor-widget-wrap elementor-element-populated\">\n\t\t\t\t\t\t<div class=\"elementor-element elementor-element-01af752 elementor-widget elementor-widget-heading\" data-id=\"01af752\" data-element_type=\"widget\" data-widget_type=\"heading.default\">\n\t\t\t\t<div class=\"elementor-widget-container\">\n\t\t\t\t\t<h2 class=\"elementor-heading-title elementor-size-default\"><a href=\"http:\/\/czar-klaudii.pl\/?page_id=82\">Miotu B<\/a><\/h2>\t\t\t\t<\/div>\n\t\t\t\t<\/div>\n\t\t\t\t\t<\/div>\n\t\t<\/div>\n\t\t\t\t<div class=\"elementor-column elementor-col-20 elementor-top-column elementor-element elementor-element-5bd416d\" data-id=\"5bd416d\" data-element_type=\"column\">\n\t\t\t<div class=\"elementor-widget-wrap elementor-element-populated\">\n\t\t\t\t\t\t<div class=\"elementor-element elementor-element-f10de0b elementor-widget elementor-widget-heading\" data-id=\"f10de0b\" data-element_type=\"widget\" data-widget_type=\"heading.default\">\n\t\t\t\t<div class=\"elementor-widget-container\">\n\t\t\t\t\t<h2 class=\"elementor-heading-title elementor-size-default\"><a href=\"http:\/\/czar-klaudii.pl\/?page_id=88\">Miotu C<\/a><\/h2>\t\t\t\t<\/div>\n\t\t\t\t<\/div>\n\t\t\t\t\t<\/div>\n\t\t<\/div>\n\t\t\t\t<div class=\"elementor-column elementor-col-20 elementor-top-column elementor-element elementor-element-07248a6\" data-id=\"07248a6\" data-element_type=\"column\">\n\t\t\t<div class=\"elementor-widget-wrap elementor-element-populated\">\n\t\t\t\t\t\t<div class=\"elementor-element elementor-element-888f738 elementor-widget elementor-widget-heading\" data-id=\"888f738\" data-element_type=\"widget\" data-widget_type=\"heading.default\">\n\t\t\t\t<div class=\"elementor-widget-container\">\n\t\t\t\t\t<h2 class=\"elementor-heading-title elementor-size-default\"><a href=\"http:\/\/czar-klaudii.pl\/?page_id=97\">Miotu D<\/a><\/h2>\t\t\t\t<\/div>\n\t\t\t\t<\/div>\n\t\t\t\t\t<\/div>\n\t\t<\/div>\n\t\t\t\t<div class=\"elementor-column elementor-col-20 elementor-top-column elementor-element elementor-element-e35d052\" data-id=\"e35d052\" data-element_type=\"column\">\n\t\t\t<div class=\"elementor-widget-wrap elementor-element-populated\">\n\t\t\t\t\t\t<div class=\"elementor-element elementor-element-8f336b4 elementor-widget elementor-widget-heading\" data-id=\"8f336b4\" data-element_type=\"widget\" data-widget_type=\"heading.default\">\n\t\t\t\t<div class=\"elementor-widget-container\">\n\t\t\t\t\t<h2 class=\"elementor-heading-title elementor-size-default\"><a href=\"http:\/\/czar-klaudii.pl\/?page_id=742\">Miotu F<\/a><\/h2>\t\t\t\t<\/div>\n\t\t\t\t<\/div>\n\t\t\t\t\t<\/div>\n\t\t<\/div>\n\t\t\t\t\t<\/div>\n\t\t<\/section>\n\t\t\t\t<section class=\"elementor-section elementor-top-section elementor-element elementor-element-a860c0b elementor-section-boxed elementor-section-height-default elementor-section-height-default\" data-id=\"a860c0b\" data-element_type=\"section\">\n\t\t\t\t\t\t<div class=\"elementor-container elementor-column-gap-default\">\n\t\t\t\t\t<div class=\"elementor-column elementor-col-100 elementor-top-column elementor-element elementor-element-a89c679\" data-id=\"a89c679\" data-element_type=\"column\">\n\t\t\t<div class=\"elementor-widget-wrap\">\n\t\t\t\t\t\t\t<\/div>\n\t\t<\/div>\n\t\t\t\t\t<\/div>\n\t\t<\/section>\n\t\t\t\t<section class=\"elementor-section elementor-top-section elementor-element elementor-element-14eaee1 elementor-section-boxed elementor-section-height-default elementor-section-height-default\" data-id=\"14eaee1\" data-element_type=\"section\">\n\t\t\t\t\t\t<div class=\"elementor-container elementor-column-gap-default\">\n\t\t\t\t\t<div class=\"elementor-column elementor-col-100 elementor-top-column elementor-element elementor-element-40c15cf\" data-id=\"40c15cf\" data-element_type=\"column\">\n\t\t\t<div class=\"elementor-widget-wrap elementor-element-populated\">\n\t\t\t\t\t\t<div class=\"elementor-element elementor-element-e93f243 elementor-widget elementor-widget-image-gallery\" data-id=\"e93f243\" data-element_type=\"widget\" data-widget_type=\"image-gallery.default\">\n\t\t\t\t<div class=\"elementor-widget-container\">\n\t\t\t\t\t\t\t<div class=\"elementor-image-gallery\">\n\t\t\t<div id='gallery-1' class='gallery galleryid-694 gallery-columns-2 gallery-size-full'><figure class='gallery-item'>\n\t\t\t<div class='gallery-icon portrait'>\n\t\t\t\t<a data-elementor-open-lightbox=\"yes\" data-elementor-lightbox-slideshow=\"e93f243\" data-elementor-lightbox-title=\"PKR_III-74156-CHPLWet\" data-e-action-hash=\"#elementor-action%3Aaction%3Dlightbox%26settings%3DeyJpZCI6NzAxLCJ1cmwiOiJodHRwczpcL1wvYmlhbHktZGlhbWVudC5wbFwvd3AtY29udGVudFwvdXBsb2Fkc1wvMjAyMlwvMTBcL1BLUl9JSUktNzQxNTYtQ0hQTFdldC5qcGciLCJzbGlkZXNob3ciOiJlOTNmMjQzIn0%3D\" href='https:\/\/bialy-diament.pl\/wp-content\/uploads\/2022\/10\/PKR_III-74156-CHPLWet.jpg'><img decoding=\"async\" width=\"595\" height=\"842\" src=\"https:\/\/bialy-diament.pl\/wp-content\/uploads\/2022\/10\/PKR_III-74156-CHPLWet.jpg\" class=\"attachment-full size-full\" alt=\"\" srcset=\"https:\/\/bialy-diament.pl\/wp-content\/uploads\/2022\/10\/PKR_III-74156-CHPLWet.jpg 595w, https:\/\/bialy-diament.pl\/wp-content\/uploads\/2022\/10\/PKR_III-74156-CHPLWet-212x300.jpg 212w\" sizes=\"(max-width: 595px) 100vw, 595px\" \/><\/a>\n\t\t\t<\/div><\/figure>\n\t\t<\/div>\n\t\t<\/div>\n\t\t\t\t\t\t<\/div>\n\t\t\t\t<\/div>\n\t\t\t\t<div class=\"elementor-element elementor-element-5fca548 elementor-widget elementor-widget-image-gallery\" data-id=\"5fca548\" data-element_type=\"widget\" data-widget_type=\"image-gallery.default\">\n\t\t\t\t<div class=\"elementor-widget-container\">\n\t\t\t\t\t\t\t<div class=\"elementor-image-gallery\">\n\t\t\t<div id='gallery-2' class='gallery galleryid-694 gallery-columns-3 gallery-size-full'><figure class='gallery-item'>\n\t\t\t<div class='gallery-icon landscape'>\n\t\t\t\t<a data-elementor-open-lightbox=\"yes\" data-elementor-lightbox-slideshow=\"5fca548\" data-elementor-lightbox-title=\"2AISHA Czar Krakowa\" data-e-action-hash=\"#elementor-action%3Aaction%3Dlightbox%26settings%3DeyJpZCI6MTAzLCJ1cmwiOiJodHRwczpcL1wvYmlhbHktZGlhbWVudC5wbFwvd3AtY29udGVudFwvdXBsb2Fkc1wvMjAyMFwvMDZcLzIuanBnIiwic2xpZGVzaG93IjoiNWZjYTU0OCJ9\" href='https:\/\/bialy-diament.pl\/wp-content\/uploads\/2020\/06\/2.jpg'><img decoding=\"async\" width=\"2000\" height=\"1500\" src=\"https:\/\/bialy-diament.pl\/wp-content\/uploads\/2020\/06\/2.jpg\" class=\"attachment-full size-full\" alt=\"\" srcset=\"https:\/\/bialy-diament.pl\/wp-content\/uploads\/2020\/06\/2.jpg 2000w, https:\/\/bialy-diament.pl\/wp-content\/uploads\/2020\/06\/2-300x225.jpg 300w, https:\/\/bialy-diament.pl\/wp-content\/uploads\/2020\/06\/2-1024x768.jpg 1024w, https:\/\/bialy-diament.pl\/wp-content\/uploads\/2020\/06\/2-768x576.jpg 768w, https:\/\/bialy-diament.pl\/wp-content\/uploads\/2020\/06\/2-1536x1152.jpg 1536w, https:\/\/bialy-diament.pl\/wp-content\/uploads\/2020\/06\/2-1920x1440.jpg 1920w\" sizes=\"(max-width: 2000px) 100vw, 2000px\" \/><\/a>\n\t\t\t<\/div><\/figure><figure class='gallery-item'>\n\t\t\t<div class='gallery-icon landscape'>\n\t\t\t\t<a data-elementor-open-lightbox=\"yes\" data-elementor-lightbox-slideshow=\"5fca548\" data-elementor-lightbox-title=\"AISHA Czar Krakowa\" data-e-action-hash=\"#elementor-action%3Aaction%3Dlightbox%26settings%3DeyJpZCI6MTAyLCJ1cmwiOiJodHRwczpcL1wvYmlhbHktZGlhbWVudC5wbFwvd3AtY29udGVudFwvdXBsb2Fkc1wvMjAyMFwvMDZcLzEuanBnIiwic2xpZGVzaG93IjoiNWZjYTU0OCJ9\" href='https:\/\/bialy-diament.pl\/wp-content\/uploads\/2020\/06\/1.jpg'><img loading=\"lazy\" decoding=\"async\" width=\"2000\" height=\"1346\" src=\"https:\/\/bialy-diament.pl\/wp-content\/uploads\/2020\/06\/1.jpg\" class=\"attachment-full size-full\" alt=\"\" srcset=\"https:\/\/bialy-diament.pl\/wp-content\/uploads\/2020\/06\/1.jpg 2000w, https:\/\/bialy-diament.pl\/wp-content\/uploads\/2020\/06\/1-300x202.jpg 300w, https:\/\/bialy-diament.pl\/wp-content\/uploads\/2020\/06\/1-1024x689.jpg 1024w, https:\/\/bialy-diament.pl\/wp-content\/uploads\/2020\/06\/1-768x517.jpg 768w, https:\/\/bialy-diament.pl\/wp-content\/uploads\/2020\/06\/1-1536x1034.jpg 1536w, https:\/\/bialy-diament.pl\/wp-content\/uploads\/2020\/06\/1-1920x1292.jpg 1920w\" sizes=\"(max-width: 2000px) 100vw, 2000px\" \/><\/a>\n\t\t\t<\/div><\/figure><figure class='gallery-item'>\n\t\t\t<div class='gallery-icon landscape'>\n\t\t\t\t<a data-elementor-open-lightbox=\"yes\" data-elementor-lightbox-slideshow=\"5fca548\" data-elementor-lightbox-title=\"IMG_7058\" data-e-action-hash=\"#elementor-action%3Aaction%3Dlightbox%26settings%3DeyJpZCI6Njk4LCJ1cmwiOiJodHRwczpcL1wvYmlhbHktZGlhbWVudC5wbFwvd3AtY29udGVudFwvdXBsb2Fkc1wvMjAyMlwvMTBcL0lNR183MDU4LXNjYWxlZC5qcGciLCJzbGlkZXNob3ciOiI1ZmNhNTQ4In0%3D\" href='https:\/\/bialy-diament.pl\/wp-content\/uploads\/2022\/10\/IMG_7058-scaled.jpg'><img loading=\"lazy\" decoding=\"async\" width=\"2560\" height=\"1704\" src=\"https:\/\/bialy-diament.pl\/wp-content\/uploads\/2022\/10\/IMG_7058-scaled.jpg\" class=\"attachment-full size-full\" alt=\"\" srcset=\"https:\/\/bialy-diament.pl\/wp-content\/uploads\/2022\/10\/IMG_7058-scaled.jpg 2560w, https:\/\/bialy-diament.pl\/wp-content\/uploads\/2022\/10\/IMG_7058-300x200.jpg 300w, https:\/\/bialy-diament.pl\/wp-content\/uploads\/2022\/10\/IMG_7058-1024x682.jpg 1024w, https:\/\/bialy-diament.pl\/wp-content\/uploads\/2022\/10\/IMG_7058-768x511.jpg 768w, https:\/\/bialy-diament.pl\/wp-content\/uploads\/2022\/10\/IMG_7058-1536x1022.jpg 1536w, https:\/\/bialy-diament.pl\/wp-content\/uploads\/2022\/10\/IMG_7058-2048x1363.jpg 2048w, https:\/\/bialy-diament.pl\/wp-content\/uploads\/2022\/10\/IMG_7058-1920x1278.jpg 1920w\" sizes=\"(max-width: 2560px) 100vw, 2560px\" \/><\/a>\n\t\t\t<\/div><\/figure><figure class='gallery-item'>\n\t\t\t<div class='gallery-icon portrait'>\n\t\t\t\t<a data-elementor-open-lightbox=\"yes\" data-elementor-lightbox-slideshow=\"5fca548\" data-elementor-lightbox-title=\"IMG_7051\" data-e-action-hash=\"#elementor-action%3Aaction%3Dlightbox%26settings%3DeyJpZCI6Njk2LCJ1cmwiOiJodHRwczpcL1wvYmlhbHktZGlhbWVudC5wbFwvd3AtY29udGVudFwvdXBsb2Fkc1wvMjAyMlwvMTBcL0lNR183MDUxLmpwZyIsInNsaWRlc2hvdyI6IjVmY2E1NDgifQ%3D%3D\" href='https:\/\/bialy-diament.pl\/wp-content\/uploads\/2022\/10\/IMG_7051.jpg'><img loading=\"lazy\" decoding=\"async\" width=\"1474\" height=\"1908\" src=\"https:\/\/bialy-diament.pl\/wp-content\/uploads\/2022\/10\/IMG_7051.jpg\" class=\"attachment-full size-full\" alt=\"\" srcset=\"https:\/\/bialy-diament.pl\/wp-content\/uploads\/2022\/10\/IMG_7051.jpg 1474w, https:\/\/bialy-diament.pl\/wp-content\/uploads\/2022\/10\/IMG_7051-232x300.jpg 232w, https:\/\/bialy-diament.pl\/wp-content\/uploads\/2022\/10\/IMG_7051-791x1024.jpg 791w, https:\/\/bialy-diament.pl\/wp-content\/uploads\/2022\/10\/IMG_7051-768x994.jpg 768w, https:\/\/bialy-diament.pl\/wp-content\/uploads\/2022\/10\/IMG_7051-1187x1536.jpg 1187w\" sizes=\"(max-width: 1474px) 100vw, 1474px\" \/><\/a>\n\t\t\t<\/div><\/figure><figure class='gallery-item'>\n\t\t\t<div class='gallery-icon portrait'>\n\t\t\t\t<a data-elementor-open-lightbox=\"yes\" data-elementor-lightbox-slideshow=\"5fca548\" data-elementor-lightbox-title=\"PHOTO-2021-10-19-15-04-51\" data-e-action-hash=\"#elementor-action%3Aaction%3Dlightbox%26settings%3DeyJpZCI6Njk3LCJ1cmwiOiJodHRwczpcL1wvYmlhbHktZGlhbWVudC5wbFwvd3AtY29udGVudFwvdXBsb2Fkc1wvMjAyMlwvMTBcL1BIT1RPLTIwMjEtMTAtMTktMTUtMDQtNTEuanBnIiwic2xpZGVzaG93IjoiNWZjYTU0OCJ9\" href='https:\/\/bialy-diament.pl\/wp-content\/uploads\/2022\/10\/PHOTO-2021-10-19-15-04-51.jpg'><img loading=\"lazy\" decoding=\"async\" width=\"1200\" height=\"1600\" src=\"https:\/\/bialy-diament.pl\/wp-content\/uploads\/2022\/10\/PHOTO-2021-10-19-15-04-51.jpg\" class=\"attachment-full size-full\" alt=\"\" srcset=\"https:\/\/bialy-diament.pl\/wp-content\/uploads\/2022\/10\/PHOTO-2021-10-19-15-04-51.jpg 1200w, https:\/\/bialy-diament.pl\/wp-content\/uploads\/2022\/10\/PHOTO-2021-10-19-15-04-51-225x300.jpg 225w, https:\/\/bialy-diament.pl\/wp-content\/uploads\/2022\/10\/PHOTO-2021-10-19-15-04-51-768x1024.jpg 768w, https:\/\/bialy-diament.pl\/wp-content\/uploads\/2022\/10\/PHOTO-2021-10-19-15-04-51-1152x1536.jpg 1152w\" sizes=\"(max-width: 1200px) 100vw, 1200px\" \/><\/a>\n\t\t\t<\/div><\/figure><figure class='gallery-item'>\n\t\t\t<div class='gallery-icon portrait'>\n\t\t\t\t<a data-elementor-open-lightbox=\"yes\" data-elementor-lightbox-slideshow=\"5fca548\" data-elementor-lightbox-title=\"37e375e2-f75d-4fbc-9a6c-460fd7334a0b\" data-e-action-hash=\"#elementor-action%3Aaction%3Dlightbox%26settings%3DeyJpZCI6Njk5LCJ1cmwiOiJodHRwczpcL1wvYmlhbHktZGlhbWVudC5wbFwvd3AtY29udGVudFwvdXBsb2Fkc1wvMjAyMlwvMTBcLzM3ZTM3NWUyLWY3NWQtNGZiYy05YTZjLTQ2MGZkNzMzNGEwYi5qcGciLCJzbGlkZXNob3ciOiI1ZmNhNTQ4In0%3D\" href='https:\/\/bialy-diament.pl\/wp-content\/uploads\/2022\/10\/37e375e2-f75d-4fbc-9a6c-460fd7334a0b.jpg'><img loading=\"lazy\" decoding=\"async\" width=\"1280\" height=\"1600\" src=\"https:\/\/bialy-diament.pl\/wp-content\/uploads\/2022\/10\/37e375e2-f75d-4fbc-9a6c-460fd7334a0b.jpg\" class=\"attachment-full size-full\" alt=\"\" srcset=\"https:\/\/bialy-diament.pl\/wp-content\/uploads\/2022\/10\/37e375e2-f75d-4fbc-9a6c-460fd7334a0b.jpg 1280w, https:\/\/bialy-diament.pl\/wp-content\/uploads\/2022\/10\/37e375e2-f75d-4fbc-9a6c-460fd7334a0b-240x300.jpg 240w, https:\/\/bialy-diament.pl\/wp-content\/uploads\/2022\/10\/37e375e2-f75d-4fbc-9a6c-460fd7334a0b-819x1024.jpg 819w, https:\/\/bialy-diament.pl\/wp-content\/uploads\/2022\/10\/37e375e2-f75d-4fbc-9a6c-460fd7334a0b-768x960.jpg 768w, https:\/\/bialy-diament.pl\/wp-content\/uploads\/2022\/10\/37e375e2-f75d-4fbc-9a6c-460fd7334a0b-1229x1536.jpg 1229w\" sizes=\"(max-width: 1280px) 100vw, 1280px\" \/><\/a>\n\t\t\t<\/div><\/figure>\n\t\t<\/div>\n\t\t<\/div>\n\t\t\t\t\t\t<\/div>\n\t\t\t\t<\/div>\n\t\t\t\t\t<\/div>\n\t\t<\/div>\n\t\t\t\t\t<\/div>\n\t\t<\/section>\n\t\t\t\t<\/div>\n\t\t","protected":false},"excerpt":{"rendered":"<p>AISHA Czar Krakowa CMO-0 Champion Polski Weteran\u00f3w Ojciec: \u00a0I&#8217;M THE BEST Superbia: M\u0141.CH.PL., M\u0141.CH.A, M\u0141.CH.CZ, M\u0141.CH.SK, M\u0141.ZW.EUR., M\u0141.ZW.\u015aW.KL., M\u0141.ZW.KL.PL., CH.PL., CH.HU., CH.SK., CH.LU., CH.A., CH.CZ., C.I.B. Matka: COOKIE ROLL Czar&hellip;<\/p>\n","protected":false},"author":1,"featured_media":0,"parent":0,"menu_order":0,"comment_status":"closed","ping_status":"closed","template":"","meta":{"footnotes":""},"class_list":["post-694","page","type-page","status-publish","hentry"],"_links":{"self":[{"href":"https:\/\/bialy-diament.pl\/index.php?rest_route=\/wp\/v2\/pages\/694","targetHints":{"allow":["GET"]}}],"collection":[{"href":"https:\/\/bialy-diament.pl\/index.php?rest_route=\/wp\/v2\/pages"}],"about":[{"href":"https:\/\/bialy-diament.pl\/index.php?rest_route=\/wp\/v2\/types\/page"}],"author":[{"embeddable":true,"href":"https:\/\/bialy-diament.pl\/index.php?rest_route=\/wp\/v2\/users\/1"}],"replies":[{"embeddable":true,"href":"https:\/\/bialy-diament.pl\/index.php?rest_route=%2Fwp%2Fv2%2Fcomments&post=694"}],"version-history":[{"count":15,"href":"https:\/\/bialy-diament.pl\/index.php?rest_route=\/wp\/v2\/pages\/694\/revisions"}],"predecessor-version":[{"id":1205,"href":"https:\/\/bialy-diament.pl\/index.php?rest_route=\/wp\/v2\/pages\/694\/revisions\/1205"}],"wp:attachment":[{"href":"https:\/\/bialy-diament.pl\/index.php?rest_route=%2Fwp%2Fv2%2Fmedia&parent=694"}],"curies":[{"name":"wp","href":"https:\/\/api.w.org\/{rel}","templated":true}]}}