{"id":674,"date":"2022-10-24T18:49:22","date_gmt":"2022-10-24T16:49:22","guid":{"rendered":"http:\/\/czar-klaudii.pl\/?page_id=674"},"modified":"2026-03-28T18:08:03","modified_gmt":"2026-03-28T17:08:03","slug":"besti-czar-klaudii-candy","status":"publish","type":"page","link":"https:\/\/bialy-diament.pl\/?page_id=674","title":{"rendered":"BESTI Czar Klaudii &#8222;Candy&#8221;"},"content":{"rendered":"\t\t<div data-elementor-type=\"wp-page\" data-elementor-id=\"674\" class=\"elementor elementor-674\">\n\t\t\t\t\t\t<section class=\"elementor-section elementor-top-section elementor-element elementor-element-ef5fa10 elementor-section-boxed elementor-section-height-default elementor-section-height-default\" data-id=\"ef5fa10\" data-element_type=\"section\">\n\t\t\t\t\t\t<div class=\"elementor-container elementor-column-gap-default\">\n\t\t\t\t\t<div class=\"elementor-column elementor-col-100 elementor-top-column elementor-element elementor-element-02ac0b7\" data-id=\"02ac0b7\" data-element_type=\"column\">\n\t\t\t<div class=\"elementor-widget-wrap elementor-element-populated\">\n\t\t\t\t\t\t<div class=\"elementor-element elementor-element-9b8dec5 elementor-widget elementor-widget-text-editor\" data-id=\"9b8dec5\" data-element_type=\"widget\" data-widget_type=\"text-editor.default\">\n\t\t\t\t<div class=\"elementor-widget-container\">\n\t\t\t\t\t\t\t\t\t<div class=\"elementor-element elementor-element-a551472 elementor-widget elementor-widget-text-editor\" style=\"--flex-direction: initial; --flex-wrap: initial; --justify-content: initial; --align-items: initial; --align-content: initial; --gap: initial; --flex-basis: initial; --flex-grow: initial; --flex-shrink: initial; --order: initial; --align-self: initial; flex-flow: var(--flex-direction) var(--flex-wrap); gap: var(--gap); flex: var(--flex-grow) var(--flex-shrink) var(--flex-basis); --widgets-spacing: 25px; width: 1090px;\" data-id=\"a551472\" data-element_type=\"widget\" data-widget_type=\"text-editor.default\"><div class=\"elementor-widget-container\"><div class=\"elementor-text-editor elementor-clearfix\"><h1>BESTI Czar Klaudii<\/h1><p style=\"margin: 0px; font-stretch: normal; font-size: 20px; line-height: normal; font-family: 'Helvetica Neue'; color: #676767;\"><b>CMO-0<\/b><\/p><p style=\"margin: 0px; font-stretch: normal; font-size: 20px; line-height: normal; font-family: 'Helvetica Neue'; color: #676767;\">Champion Polski<\/p><p style=\"margin: 0px; font-stretch: normal; font-size: 20px; line-height: normal; font-family: 'Helvetica Neue'; color: #676767; min-height: 24px;\">\u00a0<\/p><p style=\"margin: 0px; font-stretch: normal; font-size: 20px; line-height: normal; font-family: 'Helvetica Neue'; color: #676767;\">Ojciec:\u00a0<b>SHOWMAN FROM Superbia<\/b>: M\u0141.CH.PL., M\u0141.CH.HU, M\u0141.CH.SK, M\u0141.CH.D-VDH., EJS\u201914, CH.PL, C.I.B.<\/p><p style=\"margin: 0px; font-stretch: normal; font-size: 20px; line-height: normal; font-family: 'Helvetica Neue'; color: #676767;\">Matka:\u00a0<b>AISHA Czar Krakowa<\/b>: CH.PL.W.<\/p><p style=\"margin: 0px; font-stretch: normal; font-size: 20px; line-height: normal; font-family: 'Helvetica Neue'; color: #676767; min-height: 24px;\">\u00a0<\/p><p style=\"margin: 0px; font-stretch: normal; font-size: 20px; line-height: normal; font-family: 'Helvetica Neue'; color: #676767;\">Ur. 23.04.2018<\/p><\/div><\/div><\/div><div class=\"elementor-element elementor-element-64d5830 elementor-widget elementor-widget-image-gallery\" style=\"--flex-direction: initial; --flex-wrap: initial; --justify-content: initial; --align-items: initial; --align-content: initial; --gap: initial; --flex-basis: initial; --flex-grow: initial; --flex-shrink: initial; --order: initial; --align-self: initial; flex-flow: var(--flex-direction) var(--flex-wrap); gap: var(--gap); flex: var(--flex-grow) var(--flex-shrink) var(--flex-basis); --widgets-spacing: 25px; width: 1090px; caret-color: #121212; color: #121212; font-family: Montserrat, sans-serif;\" data-id=\"64d5830\" data-element_type=\"widget\" data-widget_type=\"image-gallery.default\"><div class=\"elementor-widget-container\"><div class=\"elementor-image-gallery\"><div id=\"gallery-1\" class=\"gallery galleryid-636 gallery-columns-3 gallery-size-full\">\u00a0<\/div><\/div><\/div><\/div>\t\t\t\t\t\t\t\t<\/div>\n\t\t\t\t<\/div>\n\t\t\t\t<div class=\"elementor-element elementor-element-b1b42af elementor-widget elementor-widget-heading\" data-id=\"b1b42af\" data-element_type=\"widget\" data-widget_type=\"heading.default\">\n\t\t\t\t<div class=\"elementor-widget-container\">\n\t\t\t\t\t<h2 class=\"elementor-heading-title elementor-size-default\">Rodow\u00f3d Besti:<\/h2>\t\t\t\t<\/div>\n\t\t\t\t<\/div>\n\t\t\t\t<div class=\"elementor-element elementor-element-ff58d5f elementor-widget elementor-widget-image\" data-id=\"ff58d5f\" data-element_type=\"widget\" data-widget_type=\"image.default\">\n\t\t\t\t<div class=\"elementor-widget-container\">\n\t\t\t\t\t\t\t\t\t\t\t\t\t\t\t<img fetchpriority=\"high\" decoding=\"async\" width=\"1501\" height=\"387\" src=\"https:\/\/bialy-diament.pl\/wp-content\/uploads\/2024\/03\/Zrzut-ekranu-2024-03-19-o-22.07.26.png\" class=\"attachment-full size-full wp-image-939\" alt=\"\" srcset=\"https:\/\/bialy-diament.pl\/wp-content\/uploads\/2024\/03\/Zrzut-ekranu-2024-03-19-o-22.07.26.png 1501w, https:\/\/bialy-diament.pl\/wp-content\/uploads\/2024\/03\/Zrzut-ekranu-2024-03-19-o-22.07.26-300x77.png 300w, https:\/\/bialy-diament.pl\/wp-content\/uploads\/2024\/03\/Zrzut-ekranu-2024-03-19-o-22.07.26-1024x264.png 1024w, https:\/\/bialy-diament.pl\/wp-content\/uploads\/2024\/03\/Zrzut-ekranu-2024-03-19-o-22.07.26-768x198.png 768w\" sizes=\"(max-width: 1501px) 100vw, 1501px\" \/>\t\t\t\t\t\t\t\t\t\t\t\t\t\t\t<\/div>\n\t\t\t\t<\/div>\n\t\t\t\t<div class=\"elementor-element elementor-element-2f3ad6f elementor-widget elementor-widget-heading\" data-id=\"2f3ad6f\" data-element_type=\"widget\" data-widget_type=\"heading.default\">\n\t\t\t\t<div class=\"elementor-widget-container\">\n\t\t\t\t\t<h2 class=\"elementor-heading-title elementor-size-default\">Besti jest mam\u0105 szczeni\u0105t:<\/h2>\t\t\t\t<\/div>\n\t\t\t\t<\/div>\n\t\t\t\t\t<\/div>\n\t\t<\/div>\n\t\t\t\t\t<\/div>\n\t\t<\/section>\n\t\t\t\t<section class=\"elementor-section elementor-top-section elementor-element elementor-element-1762112 elementor-section-boxed elementor-section-height-default elementor-section-height-default\" data-id=\"1762112\" data-element_type=\"section\">\n\t\t\t\t\t\t<div class=\"elementor-container elementor-column-gap-default\">\n\t\t\t\t\t<div class=\"elementor-column elementor-col-20 elementor-top-column elementor-element elementor-element-b0409d2\" data-id=\"b0409d2\" data-element_type=\"column\">\n\t\t\t<div class=\"elementor-widget-wrap elementor-element-populated\">\n\t\t\t\t\t\t<div class=\"elementor-element elementor-element-6d9a08a elementor-widget elementor-widget-heading\" data-id=\"6d9a08a\" data-element_type=\"widget\" data-widget_type=\"heading.default\">\n\t\t\t\t<div class=\"elementor-widget-container\">\n\t\t\t\t\t<h2 class=\"elementor-heading-title elementor-size-default\"><a href=\"http:\/\/czar-klaudii.pl\/?page_id=557\">Miotu E<\/a><\/h2>\t\t\t\t<\/div>\n\t\t\t\t<\/div>\n\t\t\t\t\t<\/div>\n\t\t<\/div>\n\t\t\t\t<div class=\"elementor-column elementor-col-20 elementor-top-column elementor-element elementor-element-1728d58\" data-id=\"1728d58\" data-element_type=\"column\">\n\t\t\t<div class=\"elementor-widget-wrap elementor-element-populated\">\n\t\t\t\t\t\t<div class=\"elementor-element elementor-element-889627d elementor-widget elementor-widget-heading\" data-id=\"889627d\" data-element_type=\"widget\" data-widget_type=\"heading.default\">\n\t\t\t\t<div class=\"elementor-widget-container\">\n\t\t\t\t\t<h2 class=\"elementor-heading-title elementor-size-default\"><a href=\"http:\/\/czar-klaudii.pl\/?post_type=e-landing-page&#038;p=602\">Miotu K<\/a><\/h2>\t\t\t\t<\/div>\n\t\t\t\t<\/div>\n\t\t\t\t\t<\/div>\n\t\t<\/div>\n\t\t\t\t<div class=\"elementor-column elementor-col-20 elementor-top-column elementor-element elementor-element-88b98c1\" data-id=\"88b98c1\" data-element_type=\"column\">\n\t\t\t<div class=\"elementor-widget-wrap elementor-element-populated\">\n\t\t\t\t\t\t<div class=\"elementor-element elementor-element-7b79328 elementor-widget elementor-widget-heading\" data-id=\"7b79328\" data-element_type=\"widget\" data-widget_type=\"heading.default\">\n\t\t\t\t<div class=\"elementor-widget-container\">\n\t\t\t\t\t<h2 class=\"elementor-heading-title elementor-size-default\"><a href=\"https:\/\/bialy-diament.pl\/?post_type=e-landing-page&#038;p=834\">Miotu A<\/a><\/h2>\t\t\t\t<\/div>\n\t\t\t\t<\/div>\n\t\t\t\t\t<\/div>\n\t\t<\/div>\n\t\t\t\t<div class=\"elementor-column elementor-col-20 elementor-top-column elementor-element elementor-element-f47f439\" data-id=\"f47f439\" data-element_type=\"column\">\n\t\t\t<div class=\"elementor-widget-wrap elementor-element-populated\">\n\t\t\t\t\t\t<div class=\"elementor-element elementor-element-6ba7eee elementor-widget elementor-widget-heading\" data-id=\"6ba7eee\" data-element_type=\"widget\" data-widget_type=\"heading.default\">\n\t\t\t\t<div class=\"elementor-widget-container\">\n\t\t\t\t\t<h2 class=\"elementor-heading-title elementor-size-default\"><a href=\"https:\/\/bialy-diament.pl\/?post_type=e-landing-page&#038;p=1026\">Miotu U<\/a><\/h2>\t\t\t\t<\/div>\n\t\t\t\t<\/div>\n\t\t\t\t\t<\/div>\n\t\t<\/div>\n\t\t\t\t<div class=\"elementor-column elementor-col-20 elementor-top-column elementor-element elementor-element-edf6745\" data-id=\"edf6745\" data-element_type=\"column\">\n\t\t\t<div class=\"elementor-widget-wrap\">\n\t\t\t\t\t\t\t<\/div>\n\t\t<\/div>\n\t\t\t\t\t<\/div>\n\t\t<\/section>\n\t\t\t\t<section class=\"elementor-section elementor-top-section elementor-element elementor-element-2834d47 elementor-section-boxed elementor-section-height-default elementor-section-height-default\" data-id=\"2834d47\" data-element_type=\"section\">\n\t\t\t\t\t\t<div class=\"elementor-container elementor-column-gap-default\">\n\t\t\t\t\t<div class=\"elementor-column elementor-col-100 elementor-top-column elementor-element elementor-element-694d6fa\" data-id=\"694d6fa\" data-element_type=\"column\">\n\t\t\t<div class=\"elementor-widget-wrap elementor-element-populated\">\n\t\t\t\t\t\t<div class=\"elementor-element elementor-element-a8c977e elementor-widget elementor-widget-image-gallery\" data-id=\"a8c977e\" data-element_type=\"widget\" data-widget_type=\"image-gallery.default\">\n\t\t\t\t<div class=\"elementor-widget-container\">\n\t\t\t\t\t\t\t<div class=\"elementor-image-gallery\">\n\t\t\t<div id='gallery-1' class='gallery galleryid-674 gallery-columns-2 gallery-size-full'><figure class='gallery-item'>\n\t\t\t<div class='gallery-icon portrait'>\n\t\t\t\t<a data-elementor-open-lightbox=\"yes\" data-elementor-lightbox-slideshow=\"a8c977e\" data-elementor-lightbox-title=\"IMG_4958\" data-e-action-hash=\"#elementor-action%3Aaction%3Dlightbox%26settings%3DeyJpZCI6Njc2LCJ1cmwiOiJodHRwczpcL1wvYmlhbHktZGlhbWVudC5wbFwvd3AtY29udGVudFwvdXBsb2Fkc1wvMjAyMlwvMTBcL0lNR180OTU4LmpwZyIsInNsaWRlc2hvdyI6ImE4Yzk3N2UifQ%3D%3D\" href='https:\/\/bialy-diament.pl\/wp-content\/uploads\/2022\/10\/IMG_4958.jpg'><img decoding=\"async\" width=\"810\" height=\"1153\" src=\"https:\/\/bialy-diament.pl\/wp-content\/uploads\/2022\/10\/IMG_4958.jpg\" class=\"attachment-full size-full\" alt=\"\" srcset=\"https:\/\/bialy-diament.pl\/wp-content\/uploads\/2022\/10\/IMG_4958.jpg 810w, https:\/\/bialy-diament.pl\/wp-content\/uploads\/2022\/10\/IMG_4958-211x300.jpg 211w, https:\/\/bialy-diament.pl\/wp-content\/uploads\/2022\/10\/IMG_4958-719x1024.jpg 719w, https:\/\/bialy-diament.pl\/wp-content\/uploads\/2022\/10\/IMG_4958-768x1093.jpg 768w\" sizes=\"(max-width: 810px) 100vw, 810px\" \/><\/a>\n\t\t\t<\/div><\/figure>\n\t\t<\/div>\n\t\t<\/div>\n\t\t\t\t\t\t<\/div>\n\t\t\t\t<\/div>\n\t\t\t\t<div class=\"elementor-element elementor-element-4f77fe7 elementor-widget elementor-widget-image-gallery\" data-id=\"4f77fe7\" data-element_type=\"widget\" data-widget_type=\"image-gallery.default\">\n\t\t\t\t<div class=\"elementor-widget-container\">\n\t\t\t\t\t\t\t<div class=\"elementor-image-gallery\">\n\t\t\t<div id='gallery-2' class='gallery galleryid-674 gallery-columns-3 gallery-size-full'><figure class='gallery-item'>\n\t\t\t<div class='gallery-icon portrait'>\n\t\t\t\t<a data-elementor-open-lightbox=\"yes\" data-elementor-lightbox-slideshow=\"4f77fe7\" data-elementor-lightbox-title=\"BESTI Czar Klaudii\" data-e-action-hash=\"#elementor-action%3Aaction%3Dlightbox%26settings%3DeyJpZCI6MTEyLCJ1cmwiOiJodHRwczpcL1wvYmlhbHktZGlhbWVudC5wbFwvd3AtY29udGVudFwvdXBsb2Fkc1wvMjAyMFwvMDZcLzcuanBnIiwic2xpZGVzaG93IjoiNGY3N2ZlNyJ9\" href='https:\/\/bialy-diament.pl\/wp-content\/uploads\/2020\/06\/7.jpg'><img decoding=\"async\" width=\"1000\" height=\"1333\" src=\"https:\/\/bialy-diament.pl\/wp-content\/uploads\/2020\/06\/7.jpg\" class=\"attachment-full size-full\" alt=\"\" srcset=\"https:\/\/bialy-diament.pl\/wp-content\/uploads\/2020\/06\/7.jpg 1000w, https:\/\/bialy-diament.pl\/wp-content\/uploads\/2020\/06\/7-225x300.jpg 225w, https:\/\/bialy-diament.pl\/wp-content\/uploads\/2020\/06\/7-768x1024.jpg 768w\" sizes=\"(max-width: 1000px) 100vw, 1000px\" \/><\/a>\n\t\t\t<\/div><\/figure><figure class='gallery-item'>\n\t\t\t<div class='gallery-icon portrait'>\n\t\t\t\t<a data-elementor-open-lightbox=\"yes\" data-elementor-lightbox-slideshow=\"4f77fe7\" data-elementor-lightbox-title=\"BESTI Czar Klaudii\" data-e-action-hash=\"#elementor-action%3Aaction%3Dlightbox%26settings%3DeyJpZCI6MTEwLCJ1cmwiOiJodHRwczpcL1wvYmlhbHktZGlhbWVudC5wbFwvd3AtY29udGVudFwvdXBsb2Fkc1wvMjAyMFwvMDZcLzUuanBnIiwic2xpZGVzaG93IjoiNGY3N2ZlNyJ9\" href='https:\/\/bialy-diament.pl\/wp-content\/uploads\/2020\/06\/5.jpg'><img loading=\"lazy\" decoding=\"async\" width=\"1000\" height=\"1333\" src=\"https:\/\/bialy-diament.pl\/wp-content\/uploads\/2020\/06\/5.jpg\" class=\"attachment-full size-full\" alt=\"\" srcset=\"https:\/\/bialy-diament.pl\/wp-content\/uploads\/2020\/06\/5.jpg 1000w, https:\/\/bialy-diament.pl\/wp-content\/uploads\/2020\/06\/5-225x300.jpg 225w, https:\/\/bialy-diament.pl\/wp-content\/uploads\/2020\/06\/5-768x1024.jpg 768w\" sizes=\"(max-width: 1000px) 100vw, 1000px\" \/><\/a>\n\t\t\t<\/div><\/figure><figure class='gallery-item'>\n\t\t\t<div class='gallery-icon portrait'>\n\t\t\t\t<a data-elementor-open-lightbox=\"yes\" data-elementor-lightbox-slideshow=\"4f77fe7\" data-elementor-lightbox-title=\"BESTI Czar Klaudii\" data-e-action-hash=\"#elementor-action%3Aaction%3Dlightbox%26settings%3DeyJpZCI6MTEzLCJ1cmwiOiJodHRwczpcL1wvYmlhbHktZGlhbWVudC5wbFwvd3AtY29udGVudFwvdXBsb2Fkc1wvMjAyMFwvMDZcLzguanBnIiwic2xpZGVzaG93IjoiNGY3N2ZlNyJ9\" href='https:\/\/bialy-diament.pl\/wp-content\/uploads\/2020\/06\/8.jpg'><img loading=\"lazy\" decoding=\"async\" width=\"1000\" height=\"1333\" src=\"https:\/\/bialy-diament.pl\/wp-content\/uploads\/2020\/06\/8.jpg\" class=\"attachment-full size-full\" alt=\"\" srcset=\"https:\/\/bialy-diament.pl\/wp-content\/uploads\/2020\/06\/8.jpg 1000w, https:\/\/bialy-diament.pl\/wp-content\/uploads\/2020\/06\/8-225x300.jpg 225w, https:\/\/bialy-diament.pl\/wp-content\/uploads\/2020\/06\/8-768x1024.jpg 768w\" sizes=\"(max-width: 1000px) 100vw, 1000px\" \/><\/a>\n\t\t\t<\/div><\/figure><figure class='gallery-item'>\n\t\t\t<div class='gallery-icon portrait'>\n\t\t\t\t<a data-elementor-open-lightbox=\"yes\" data-elementor-lightbox-slideshow=\"4f77fe7\" data-elementor-lightbox-title=\"5201A2D4-AA87-45BE-B052-13DB34FE5F05\" data-e-action-hash=\"#elementor-action%3Aaction%3Dlightbox%26settings%3DeyJpZCI6Mjc0LCJ1cmwiOiJodHRwczpcL1wvYmlhbHktZGlhbWVudC5wbFwvd3AtY29udGVudFwvdXBsb2Fkc1wvMjAyMFwvMTBcLzUyMDFBMkQ0LUFBODctNDVCRS1CMDUyLTEzREIzNEZFNUYwNS1zY2FsZWQuanBlZyIsInNsaWRlc2hvdyI6IjRmNzdmZTcifQ%3D%3D\" href='https:\/\/bialy-diament.pl\/wp-content\/uploads\/2020\/10\/5201A2D4-AA87-45BE-B052-13DB34FE5F05-scaled.jpeg'><img loading=\"lazy\" decoding=\"async\" width=\"1920\" height=\"2560\" src=\"https:\/\/bialy-diament.pl\/wp-content\/uploads\/2020\/10\/5201A2D4-AA87-45BE-B052-13DB34FE5F05-scaled.jpeg\" class=\"attachment-full size-full\" alt=\"\" srcset=\"https:\/\/bialy-diament.pl\/wp-content\/uploads\/2020\/10\/5201A2D4-AA87-45BE-B052-13DB34FE5F05-scaled.jpeg 1920w, https:\/\/bialy-diament.pl\/wp-content\/uploads\/2020\/10\/5201A2D4-AA87-45BE-B052-13DB34FE5F05-225x300.jpeg 225w, https:\/\/bialy-diament.pl\/wp-content\/uploads\/2020\/10\/5201A2D4-AA87-45BE-B052-13DB34FE5F05-768x1024.jpeg 768w, https:\/\/bialy-diament.pl\/wp-content\/uploads\/2020\/10\/5201A2D4-AA87-45BE-B052-13DB34FE5F05-1152x1536.jpeg 1152w, https:\/\/bialy-diament.pl\/wp-content\/uploads\/2020\/10\/5201A2D4-AA87-45BE-B052-13DB34FE5F05-1536x2048.jpeg 1536w\" sizes=\"(max-width: 1920px) 100vw, 1920px\" \/><\/a>\n\t\t\t<\/div><\/figure><figure class='gallery-item'>\n\t\t\t<div class='gallery-icon portrait'>\n\t\t\t\t<a data-elementor-open-lightbox=\"yes\" data-elementor-lightbox-slideshow=\"4f77fe7\" data-elementor-lightbox-title=\"IMG_0481\" data-e-action-hash=\"#elementor-action%3Aaction%3Dlightbox%26settings%3DeyJpZCI6Njc5LCJ1cmwiOiJodHRwczpcL1wvYmlhbHktZGlhbWVudC5wbFwvd3AtY29udGVudFwvdXBsb2Fkc1wvMjAyMlwvMTBcL0lNR18wNDgxLXNjYWxlZC5qcGciLCJzbGlkZXNob3ciOiI0Zjc3ZmU3In0%3D\" href='https:\/\/bialy-diament.pl\/wp-content\/uploads\/2022\/10\/IMG_0481-scaled.jpg'><img loading=\"lazy\" decoding=\"async\" width=\"1920\" height=\"2560\" src=\"https:\/\/bialy-diament.pl\/wp-content\/uploads\/2022\/10\/IMG_0481-scaled.jpg\" class=\"attachment-full size-full\" alt=\"\" srcset=\"https:\/\/bialy-diament.pl\/wp-content\/uploads\/2022\/10\/IMG_0481-scaled.jpg 1920w, https:\/\/bialy-diament.pl\/wp-content\/uploads\/2022\/10\/IMG_0481-225x300.jpg 225w, https:\/\/bialy-diament.pl\/wp-content\/uploads\/2022\/10\/IMG_0481-768x1024.jpg 768w, https:\/\/bialy-diament.pl\/wp-content\/uploads\/2022\/10\/IMG_0481-1152x1536.jpg 1152w, https:\/\/bialy-diament.pl\/wp-content\/uploads\/2022\/10\/IMG_0481-1536x2048.jpg 1536w\" sizes=\"(max-width: 1920px) 100vw, 1920px\" \/><\/a>\n\t\t\t<\/div><\/figure><figure class='gallery-item'>\n\t\t\t<div class='gallery-icon portrait'>\n\t\t\t\t<a data-elementor-open-lightbox=\"yes\" data-elementor-lightbox-slideshow=\"4f77fe7\" data-elementor-lightbox-title=\"IMG_1038 2\" data-e-action-hash=\"#elementor-action%3Aaction%3Dlightbox%26settings%3DeyJpZCI6NjgwLCJ1cmwiOiJodHRwczpcL1wvYmlhbHktZGlhbWVudC5wbFwvd3AtY29udGVudFwvdXBsb2Fkc1wvMjAyMlwvMTBcL0lNR18xMDM4LTItc2NhbGVkLmpwZyIsInNsaWRlc2hvdyI6IjRmNzdmZTcifQ%3D%3D\" href='https:\/\/bialy-diament.pl\/wp-content\/uploads\/2022\/10\/IMG_1038-2-scaled.jpg'><img loading=\"lazy\" decoding=\"async\" width=\"1920\" height=\"2560\" src=\"https:\/\/bialy-diament.pl\/wp-content\/uploads\/2022\/10\/IMG_1038-2-scaled.jpg\" class=\"attachment-full size-full\" alt=\"\" srcset=\"https:\/\/bialy-diament.pl\/wp-content\/uploads\/2022\/10\/IMG_1038-2-scaled.jpg 1920w, https:\/\/bialy-diament.pl\/wp-content\/uploads\/2022\/10\/IMG_1038-2-225x300.jpg 225w, https:\/\/bialy-diament.pl\/wp-content\/uploads\/2022\/10\/IMG_1038-2-768x1024.jpg 768w, https:\/\/bialy-diament.pl\/wp-content\/uploads\/2022\/10\/IMG_1038-2-1152x1536.jpg 1152w, https:\/\/bialy-diament.pl\/wp-content\/uploads\/2022\/10\/IMG_1038-2-1536x2048.jpg 1536w\" sizes=\"(max-width: 1920px) 100vw, 1920px\" \/><\/a>\n\t\t\t<\/div><\/figure><figure class='gallery-item'>\n\t\t\t<div class='gallery-icon landscape'>\n\t\t\t\t<a data-elementor-open-lightbox=\"yes\" data-elementor-lightbox-slideshow=\"4f77fe7\" data-elementor-lightbox-title=\"BESTI Czar Klaudii\" data-e-action-hash=\"#elementor-action%3Aaction%3Dlightbox%26settings%3DeyJpZCI6MTA5LCJ1cmwiOiJodHRwczpcL1wvYmlhbHktZGlhbWVudC5wbFwvd3AtY29udGVudFwvdXBsb2Fkc1wvMjAyMFwvMDZcLzQtMS5qcGciLCJzbGlkZXNob3ciOiI0Zjc3ZmU3In0%3D\" href='https:\/\/bialy-diament.pl\/wp-content\/uploads\/2020\/06\/4-1.jpg'><img loading=\"lazy\" decoding=\"async\" width=\"2000\" height=\"1346\" src=\"https:\/\/bialy-diament.pl\/wp-content\/uploads\/2020\/06\/4-1.jpg\" class=\"attachment-full size-full\" alt=\"\" srcset=\"https:\/\/bialy-diament.pl\/wp-content\/uploads\/2020\/06\/4-1.jpg 2000w, https:\/\/bialy-diament.pl\/wp-content\/uploads\/2020\/06\/4-1-300x202.jpg 300w, https:\/\/bialy-diament.pl\/wp-content\/uploads\/2020\/06\/4-1-1024x689.jpg 1024w, https:\/\/bialy-diament.pl\/wp-content\/uploads\/2020\/06\/4-1-768x517.jpg 768w, https:\/\/bialy-diament.pl\/wp-content\/uploads\/2020\/06\/4-1-1536x1034.jpg 1536w, https:\/\/bialy-diament.pl\/wp-content\/uploads\/2020\/06\/4-1-1920x1292.jpg 1920w\" sizes=\"(max-width: 2000px) 100vw, 2000px\" \/><\/a>\n\t\t\t<\/div><\/figure><figure class='gallery-item'>\n\t\t\t<div class='gallery-icon landscape'>\n\t\t\t\t<a data-elementor-open-lightbox=\"yes\" data-elementor-lightbox-slideshow=\"4f77fe7\" data-elementor-lightbox-title=\"D2ECBC04-0DED-4018-8ADA-37FF7CCAFFDD\" data-e-action-hash=\"#elementor-action%3Aaction%3Dlightbox%26settings%3DeyJpZCI6MjgyLCJ1cmwiOiJodHRwczpcL1wvYmlhbHktZGlhbWVudC5wbFwvd3AtY29udGVudFwvdXBsb2Fkc1wvMjAyMFwvMTBcL0QyRUNCQzA0LTBERUQtNDAxOC04QURBLTM3RkY3Q0NBRkZERC5qcGVnIiwic2xpZGVzaG93IjoiNGY3N2ZlNyJ9\" href='https:\/\/bialy-diament.pl\/wp-content\/uploads\/2020\/10\/D2ECBC04-0DED-4018-8ADA-37FF7CCAFFDD.jpeg'><img loading=\"lazy\" decoding=\"async\" width=\"2048\" height=\"1361\" src=\"https:\/\/bialy-diament.pl\/wp-content\/uploads\/2020\/10\/D2ECBC04-0DED-4018-8ADA-37FF7CCAFFDD.jpeg\" class=\"attachment-full size-full\" alt=\"\" srcset=\"https:\/\/bialy-diament.pl\/wp-content\/uploads\/2020\/10\/D2ECBC04-0DED-4018-8ADA-37FF7CCAFFDD.jpeg 2048w, https:\/\/bialy-diament.pl\/wp-content\/uploads\/2020\/10\/D2ECBC04-0DED-4018-8ADA-37FF7CCAFFDD-300x199.jpeg 300w, https:\/\/bialy-diament.pl\/wp-content\/uploads\/2020\/10\/D2ECBC04-0DED-4018-8ADA-37FF7CCAFFDD-1024x681.jpeg 1024w, https:\/\/bialy-diament.pl\/wp-content\/uploads\/2020\/10\/D2ECBC04-0DED-4018-8ADA-37FF7CCAFFDD-768x510.jpeg 768w, https:\/\/bialy-diament.pl\/wp-content\/uploads\/2020\/10\/D2ECBC04-0DED-4018-8ADA-37FF7CCAFFDD-1536x1021.jpeg 1536w, https:\/\/bialy-diament.pl\/wp-content\/uploads\/2020\/10\/D2ECBC04-0DED-4018-8ADA-37FF7CCAFFDD-1920x1276.jpeg 1920w\" sizes=\"(max-width: 2048px) 100vw, 2048px\" \/><\/a>\n\t\t\t<\/div><\/figure>\n\t\t<\/div>\n\t\t<\/div>\n\t\t\t\t\t\t<\/div>\n\t\t\t\t<\/div>\n\t\t\t\t\t<\/div>\n\t\t<\/div>\n\t\t\t\t\t<\/div>\n\t\t<\/section>\n\t\t\t\t<\/div>\n\t\t","protected":false},"excerpt":{"rendered":"<p>BESTI Czar Klaudii CMO-0 Champion Polski \u00a0 Ojciec:\u00a0SHOWMAN FROM Superbia: M\u0141.CH.PL., M\u0141.CH.HU, M\u0141.CH.SK, M\u0141.CH.D-VDH., EJS\u201914, CH.PL, C.I.B. Matka:\u00a0AISHA Czar Krakowa: CH.PL.W. \u00a0 Ur. 23.04.2018 \u00a0 Rodow\u00f3d Besti: Besti jest mam\u0105&hellip;<\/p>\n","protected":false},"author":1,"featured_media":0,"parent":0,"menu_order":0,"comment_status":"closed","ping_status":"closed","template":"","meta":{"footnotes":""},"class_list":["post-674","page","type-page","status-publish","hentry"],"_links":{"self":[{"href":"https:\/\/bialy-diament.pl\/index.php?rest_route=\/wp\/v2\/pages\/674","targetHints":{"allow":["GET"]}}],"collection":[{"href":"https:\/\/bialy-diament.pl\/index.php?rest_route=\/wp\/v2\/pages"}],"about":[{"href":"https:\/\/bialy-diament.pl\/index.php?rest_route=\/wp\/v2\/types\/page"}],"author":[{"embeddable":true,"href":"https:\/\/bialy-diament.pl\/index.php?rest_route=\/wp\/v2\/users\/1"}],"replies":[{"embeddable":true,"href":"https:\/\/bialy-diament.pl\/index.php?rest_route=%2Fwp%2Fv2%2Fcomments&post=674"}],"version-history":[{"count":25,"href":"https:\/\/bialy-diament.pl\/index.php?rest_route=\/wp\/v2\/pages\/674\/revisions"}],"predecessor-version":[{"id":1238,"href":"https:\/\/bialy-diament.pl\/index.php?rest_route=\/wp\/v2\/pages\/674\/revisions\/1238"}],"wp:attachment":[{"href":"https:\/\/bialy-diament.pl\/index.php?rest_route=%2Fwp%2Fv2%2Fmedia&parent=674"}],"curies":[{"name":"wp","href":"https:\/\/api.w.org\/{rel}","templated":true}]}}