{"id":6,"date":"2020-06-08T07:34:32","date_gmt":"2020-06-08T05:34:32","guid":{"rendered":"http:\/\/czar-klaudii.pl\/?page_id=6"},"modified":"2024-11-25T21:38:56","modified_gmt":"2024-11-25T20:38:56","slug":"strona-glowna","status":"publish","type":"page","link":"https:\/\/bialy-diament.pl\/","title":{"rendered":"Strona g\u0142\u00f3wna"},"content":{"rendered":"\t\t<div data-elementor-type=\"wp-page\" data-elementor-id=\"6\" class=\"elementor elementor-6\">\n\t\t\t\t\t\t<section class=\"elementor-section elementor-top-section elementor-element elementor-element-0f76029 elementor-section-boxed elementor-section-height-default elementor-section-height-default\" data-id=\"0f76029\" data-element_type=\"section\">\n\t\t\t\t\t\t<div class=\"elementor-container elementor-column-gap-default\">\n\t\t\t\t\t<div class=\"elementor-column elementor-col-100 elementor-top-column elementor-element elementor-element-0012db4\" data-id=\"0012db4\" data-element_type=\"column\">\n\t\t\t<div class=\"elementor-widget-wrap elementor-element-populated\">\n\t\t\t\t\t\t<div class=\"elementor-element elementor-element-17895d1 elementor-widget elementor-widget-heading\" data-id=\"17895d1\" data-element_type=\"widget\" data-widget_type=\"heading.default\">\n\t\t\t\t<div class=\"elementor-widget-container\">\n\t\t\t\t\t<h2 class=\"elementor-heading-title elementor-size-large\">Mamy szczeniaczki! Zapraszamy do kontaktu <\/h2>\t\t\t\t<\/div>\n\t\t\t\t<\/div>\n\t\t\t\t\t<\/div>\n\t\t<\/div>\n\t\t\t\t\t<\/div>\n\t\t<\/section>\n\t\t\t\t<section class=\"elementor-section elementor-top-section elementor-element elementor-element-4750aa8 elementor-section-boxed elementor-section-height-default elementor-section-height-default\" data-id=\"4750aa8\" data-element_type=\"section\">\n\t\t\t\t\t\t<div class=\"elementor-container elementor-column-gap-default\">\n\t\t\t\t\t<div class=\"elementor-column elementor-col-50 elementor-top-column elementor-element elementor-element-3d9b73d\" data-id=\"3d9b73d\" data-element_type=\"column\">\n\t\t\t<div class=\"elementor-widget-wrap elementor-element-populated\">\n\t\t\t\t\t\t<div class=\"elementor-element elementor-element-8d24827 elementor-widget elementor-widget-text-editor\" data-id=\"8d24827\" data-element_type=\"widget\" data-widget_type=\"text-editor.default\">\n\t\t\t\t<div class=\"elementor-widget-container\">\n\t\t\t\t\t\t\t\t\t<p>Nasza hodowla powsta\u0142a w 2015 r pod nazw\u0105 Czar Klaudii. W 2021r zmienili\u015bmy nazw\u0119 na Bia\u0142y Diament. Jeste\u015bmy hodowl\u0105 ps\u00f3w rasy West Highland White Terrier. Jest to nasze hobby i pasja. Psiaki w naszej hodowli s\u0105 prawowitymi cz\u0142onkami rodziny. Szczeniaczki s\u0105 po skojarzeniach wybitnych przedstawicieli rasy, przebadanych genetycznie pod k\u0105tem osteopatii czaszkowo-\u017cuchwowej, o zr\u00f3wnowa\u017conych charakterach typowych dla terier\u00f3w.\u00a0<\/p>\t\t\t\t\t\t\t\t<\/div>\n\t\t\t\t<\/div>\n\t\t\t\t\t<\/div>\n\t\t<\/div>\n\t\t\t\t<div class=\"elementor-column elementor-col-50 elementor-top-column elementor-element elementor-element-36a387c\" data-id=\"36a387c\" data-element_type=\"column\">\n\t\t\t<div class=\"elementor-widget-wrap elementor-element-populated\">\n\t\t\t\t\t\t<div class=\"elementor-element elementor-element-160096a elementor-grid-1 elementor-shape-rounded e-grid-align-center elementor-widget elementor-widget-social-icons\" data-id=\"160096a\" data-element_type=\"widget\" data-widget_type=\"social-icons.default\">\n\t\t\t\t<div class=\"elementor-widget-container\">\n\t\t\t\t\t\t\t<div class=\"elementor-social-icons-wrapper elementor-grid\" role=\"list\">\n\t\t\t\t\t\t\t<span class=\"elementor-grid-item\" role=\"listitem\">\n\t\t\t\t\t<a class=\"elementor-icon elementor-social-icon elementor-social-icon-facebook elementor-repeater-item-d9fb5d1\" href=\"https:\/\/www.facebook.com\/klaudia.wolak.71\/\" target=\"_blank\">\n\t\t\t\t\t\t<span class=\"elementor-screen-only\">Facebook<\/span>\n\t\t\t\t\t\t<i aria-hidden=\"true\" class=\"fab fa-facebook\"><\/i>\t\t\t\t\t<\/a>\n\t\t\t\t<\/span>\n\t\t\t\t\t\t\t<span class=\"elementor-grid-item\" role=\"listitem\">\n\t\t\t\t\t<a class=\"elementor-icon elementor-social-icon elementor-social-icon-instagram elementor-repeater-item-0748a2a\" href=\"https:\/\/www.instagram.com\/bialydiamentfci\/?igshid=YmMyMTA2M2Y%3D&#038;fbclid=IwAR06YvbKIMQvXevG9_d5YYqKogrKyq6huDpHiBo8LoW_li-MvekpyXxGkZk\" target=\"_blank\">\n\t\t\t\t\t\t<span class=\"elementor-screen-only\">Instagram<\/span>\n\t\t\t\t\t\t<i aria-hidden=\"true\" class=\"fab fa-instagram\"><\/i>\t\t\t\t\t<\/a>\n\t\t\t\t<\/span>\n\t\t\t\t\t\t\t<span class=\"elementor-grid-item\" role=\"listitem\">\n\t\t\t\t\t<a class=\"elementor-icon elementor-social-icon elementor-social-icon-tiktok elementor-repeater-item-c65e02d\" href=\"https:\/\/www.tiktok.com\/@bialydiamentfci?_t=8e2ajgjRdtq&#038;_r=1&#038;fbclid=IwAR0Z3M0ywcHkYe6uMxDyOInza9j6MyUpnR2C681Yej5VpePDoOde1N4e2hI\" target=\"_blank\">\n\t\t\t\t\t\t<span class=\"elementor-screen-only\">Tiktok<\/span>\n\t\t\t\t\t\t<i aria-hidden=\"true\" class=\"fab fa-tiktok\"><\/i>\t\t\t\t\t<\/a>\n\t\t\t\t<\/span>\n\t\t\t\t\t<\/div>\n\t\t\t\t\t\t<\/div>\n\t\t\t\t<\/div>\n\t\t\t\t\t<\/div>\n\t\t<\/div>\n\t\t\t\t\t<\/div>\n\t\t<\/section>\n\t\t\t\t<section class=\"elementor-section elementor-top-section elementor-element elementor-element-fa3b09a elementor-section-boxed elementor-section-height-default elementor-section-height-default\" data-id=\"fa3b09a\" data-element_type=\"section\">\n\t\t\t\t\t\t<div class=\"elementor-container elementor-column-gap-default\">\n\t\t\t\t\t<div class=\"elementor-column elementor-col-100 elementor-top-column elementor-element elementor-element-9a517ba\" data-id=\"9a517ba\" data-element_type=\"column\">\n\t\t\t<div class=\"elementor-widget-wrap elementor-element-populated\">\n\t\t\t\t\t\t<div class=\"elementor-element elementor-element-7d9d7c0 elementor-widget elementor-widget-sidebar\" data-id=\"7d9d7c0\" data-element_type=\"widget\" data-widget_type=\"sidebar.default\">\n\t\t\t\t<div class=\"elementor-widget-container\">\n\t\t\t\t\t\n\t\t<section id=\"recent-posts-2\" class=\"widget widget_recent_entries\">\n\t\t<div class=\"widget-title\"><h3>Ostatnie wpisy<\/h3><\/div>\n\t\t<ul>\n\t\t\t\t\t\t\t\t\t\t\t<li>\n\t\t\t\t\t<a href=\"https:\/\/bialy-diament.pl\/?p=1151\">Rozrabiamy<\/a>\n\t\t\t\t\t\t\t\t\t<\/li>\n\t\t\t\t\t\t\t\t\t\t\t<li>\n\t\t\t\t\t<a href=\"https:\/\/bialy-diament.pl\/?p=1118\">Ro\u015bniemy<\/a>\n\t\t\t\t\t\t\t\t\t<\/li>\n\t\t\t\t\t\t\t\t\t\t\t<li>\n\t\t\t\t\t<a href=\"https:\/\/bialy-diament.pl\/?p=420\">FLASH w nowym domku<\/a>\n\t\t\t\t\t\t\t\t\t<\/li>\n\t\t\t\t\t\t\t\t\t\t\t<li>\n\t\t\t\t\t<a href=\"https:\/\/bialy-diament.pl\/?p=432\">II Krajowa Wystawa Ps\u00f3w Rasowych w Krakowie (O\/Wieliczka)<\/a>\n\t\t\t\t\t\t\t\t\t<\/li>\n\t\t\t\t\t\t\t\t\t\t\t<li>\n\t\t\t\t\t<a href=\"https:\/\/bialy-diament.pl\/?p=426\">I Mi\u0119dzynarodowa Wystawa Ps\u00f3w Rasowych w Przemy\u015blu<\/a>\n\t\t\t\t\t\t\t\t\t<\/li>\n\t\t\t\t\t<\/ul>\n\n\t\t<\/section><section id=\"recent-comments-2\" class=\"widget widget_recent_comments\"><div class=\"widget-title\"><h3>Najnowsze komentarze<\/h3><\/div><ul id=\"recentcomments\"><\/ul><\/section><section id=\"categories-2\" class=\"widget widget_categories\"><div class=\"widget-title\"><h3>Kategorie<\/h3><\/div>\n\t\t\t<ul>\n\t\t\t\t\t<li class=\"cat-item cat-item-1\"><a href=\"https:\/\/bialy-diament.pl\/?cat=1\">Inne<\/a>\n<\/li>\n\t<li class=\"cat-item cat-item-9\"><a href=\"https:\/\/bialy-diament.pl\/?cat=9\">Psiaki u nowych w\u0142a\u015bcicieli<\/a>\n<\/li>\n\t<li class=\"cat-item cat-item-4\"><a href=\"https:\/\/bialy-diament.pl\/?cat=4\">Szczeniaczki<\/a>\n<\/li>\n\t<li class=\"cat-item cat-item-5\"><a href=\"https:\/\/bialy-diament.pl\/?cat=5\">Wystawy<\/a>\n<\/li>\n\t\t\t<\/ul>\n\n\t\t\t<\/section>\t\t\t\t<\/div>\n\t\t\t\t<\/div>\n\t\t\t\t<div class=\"elementor-element elementor-element-e0f0ee3 elementor-widget__width-initial elementor-widget elementor-widget-image\" data-id=\"e0f0ee3\" data-element_type=\"widget\" data-widget_type=\"image.default\">\n\t\t\t\t<div class=\"elementor-widget-container\">\n\t\t\t\t\t\t\t\t\t\t\t\t\t\t\t<img fetchpriority=\"high\" decoding=\"async\" width=\"640\" height=\"153\" src=\"https:\/\/bialy-diament.pl\/wp-content\/uploads\/2022\/10\/cropped-logo_firma-1-768x184.png\" class=\"attachment-medium_large size-medium_large wp-image-765\" alt=\"\" srcset=\"https:\/\/bialy-diament.pl\/wp-content\/uploads\/2022\/10\/cropped-logo_firma-1-768x184.png 768w, https:\/\/bialy-diament.pl\/wp-content\/uploads\/2022\/10\/cropped-logo_firma-1-300x72.png 300w, https:\/\/bialy-diament.pl\/wp-content\/uploads\/2022\/10\/cropped-logo_firma-1-1024x246.png 1024w, https:\/\/bialy-diament.pl\/wp-content\/uploads\/2022\/10\/cropped-logo_firma-1-1536x368.png 1536w, https:\/\/bialy-diament.pl\/wp-content\/uploads\/2022\/10\/cropped-logo_firma-1-1920x461.png 1920w, https:\/\/bialy-diament.pl\/wp-content\/uploads\/2022\/10\/cropped-logo_firma-1.png 1976w\" sizes=\"(max-width: 640px) 100vw, 640px\" \/>\t\t\t\t\t\t\t\t\t\t\t\t\t\t\t<\/div>\n\t\t\t\t<\/div>\n\t\t\t\t\t<\/div>\n\t\t<\/div>\n\t\t\t\t\t<\/div>\n\t\t<\/section>\n\t\t\t\t<\/div>\n\t\t","protected":false},"excerpt":{"rendered":"<p>Mamy szczeniaczki! Zapraszamy do kontaktu Nasza hodowla powsta\u0142a w 2015 r pod nazw\u0105 Czar Klaudii. W 2021r zmienili\u015bmy nazw\u0119 na Bia\u0142y Diament. Jeste\u015bmy hodowl\u0105 ps\u00f3w rasy West Highland White Terrier.&hellip;<\/p>\n","protected":false},"author":1,"featured_media":0,"parent":0,"menu_order":0,"comment_status":"closed","ping_status":"closed","template":"elementor_header_footer","meta":{"footnotes":""},"class_list":["post-6","page","type-page","status-publish","hentry"],"_links":{"self":[{"href":"https:\/\/bialy-diament.pl\/index.php?rest_route=\/wp\/v2\/pages\/6","targetHints":{"allow":["GET"]}}],"collection":[{"href":"https:\/\/bialy-diament.pl\/index.php?rest_route=\/wp\/v2\/pages"}],"about":[{"href":"https:\/\/bialy-diament.pl\/index.php?rest_route=\/wp\/v2\/types\/page"}],"author":[{"embeddable":true,"href":"https:\/\/bialy-diament.pl\/index.php?rest_route=\/wp\/v2\/users\/1"}],"replies":[{"embeddable":true,"href":"https:\/\/bialy-diament.pl\/index.php?rest_route=%2Fwp%2Fv2%2Fcomments&post=6"}],"version-history":[{"count":63,"href":"https:\/\/bialy-diament.pl\/index.php?rest_route=\/wp\/v2\/pages\/6\/revisions"}],"predecessor-version":[{"id":1135,"href":"https:\/\/bialy-diament.pl\/index.php?rest_route=\/wp\/v2\/pages\/6\/revisions\/1135"}],"wp:attachment":[{"href":"https:\/\/bialy-diament.pl\/index.php?rest_route=%2Fwp%2Fv2%2Fmedia&parent=6"}],"curies":[{"name":"wp","href":"https:\/\/api.w.org\/{rel}","templated":true}]}}