{"id":1057,"date":"2024-08-04T21:20:36","date_gmt":"2024-08-04T19:20:36","guid":{"rendered":"https:\/\/bialy-diament.pl\/?page_id=1057"},"modified":"2026-03-09T14:14:34","modified_gmt":"2026-03-09T13:14:34","slug":"nasze-dzieci-na-ringu","status":"publish","type":"page","link":"https:\/\/bialy-diament.pl\/?page_id=1057","title":{"rendered":"Nasze dzieci na ringu"},"content":{"rendered":"\t\t<div data-elementor-type=\"wp-page\" data-elementor-id=\"1057\" class=\"elementor elementor-1057\">\n\t\t\t\t\t\t<section class=\"elementor-section elementor-top-section elementor-element elementor-element-c899316 elementor-section-boxed elementor-section-height-default elementor-section-height-default\" data-id=\"c899316\" data-element_type=\"section\">\n\t\t\t\t\t\t<div class=\"elementor-container elementor-column-gap-default\">\n\t\t\t\t\t<div class=\"elementor-column elementor-col-100 elementor-top-column elementor-element elementor-element-a9aacbf\" data-id=\"a9aacbf\" data-element_type=\"column\">\n\t\t\t<div class=\"elementor-widget-wrap elementor-element-populated\">\n\t\t\t\t\t\t<div class=\"elementor-element elementor-element-d5e6d1d elementor-widget elementor-widget-heading\" data-id=\"d5e6d1d\" data-element_type=\"widget\" data-widget_type=\"heading.default\">\n\t\t\t\t<div class=\"elementor-widget-container\">\n\t\t\t\t\t<h2 class=\"elementor-heading-title elementor-size-default\">Nasze dzieci na wystawach <\/h2>\t\t\t\t<\/div>\n\t\t\t\t<\/div>\n\t\t\t\t\t<\/div>\n\t\t<\/div>\n\t\t\t\t\t<\/div>\n\t\t<\/section>\n\t\t\t\t<section class=\"elementor-section elementor-top-section elementor-element elementor-element-456a3b7 elementor-section-boxed elementor-section-height-default elementor-section-height-default\" data-id=\"456a3b7\" data-element_type=\"section\">\n\t\t\t\t\t\t<div class=\"elementor-container elementor-column-gap-default\">\n\t\t\t\t\t<div class=\"elementor-column elementor-col-100 elementor-top-column elementor-element elementor-element-9464489\" data-id=\"9464489\" data-element_type=\"column\">\n\t\t\t<div class=\"elementor-widget-wrap elementor-element-populated\">\n\t\t\t\t\t\t<div class=\"elementor-element elementor-element-2a3a012 elementor-widget elementor-widget-heading\" data-id=\"2a3a012\" data-element_type=\"widget\" data-widget_type=\"heading.default\">\n\t\t\t\t<div class=\"elementor-widget-container\">\n\t\t\t\t\t<h2 class=\"elementor-heading-title elementor-size-default\">ZAFIRA Bia\u0142y Diament (FCI)<\/h2>\t\t\t\t<\/div>\n\t\t\t\t<\/div>\n\t\t\t\t<div class=\"elementor-element elementor-element-d5ecf81 elementor-widget elementor-widget-heading\" data-id=\"d5ecf81\" data-element_type=\"widget\" data-widget_type=\"heading.default\">\n\t\t\t\t<div class=\"elementor-widget-container\">\n\t\t\t\t\t<h2 class=\"elementor-heading-title elementor-size-default\"><span data-elementor-setting-key=\"title\" data-pen-placeholder=\"Pisz tutaj...\" style=\"clear: both;font-family: Roboto, sans-serif\"><span data-elementor-setting-key=\"title\" data-pen-placeholder=\"Pisz tutaj...\" style=\"clear: both\">Ablorada CARUSSO &amp; BESTI Czar Klaudii (FCI)<\/span><br>Zosta\u0142a w hodowli<br>Ur. 20.05.2025<br><br>Champion Polski<\/span> Szczeni\u0105t<\/h2>\t\t\t\t<\/div>\n\t\t\t\t<\/div>\n\t\t\t\t<div class=\"elementor-element elementor-element-4d0af84 elementor-widget elementor-widget-image\" data-id=\"4d0af84\" data-element_type=\"widget\" data-widget_type=\"image.default\">\n\t\t\t\t<div class=\"elementor-widget-container\">\n\t\t\t\t\t\t\t\t\t\t\t\t\t\t\t<img fetchpriority=\"high\" decoding=\"async\" width=\"300\" height=\"300\" src=\"https:\/\/bialy-diament.pl\/wp-content\/uploads\/2026\/03\/IMG_7832-300x300.jpg\" class=\"attachment-medium size-medium wp-image-1208\" alt=\"\" srcset=\"https:\/\/bialy-diament.pl\/wp-content\/uploads\/2026\/03\/IMG_7832-300x300.jpg 300w, https:\/\/bialy-diament.pl\/wp-content\/uploads\/2026\/03\/IMG_7832-1024x1024.jpg 1024w, https:\/\/bialy-diament.pl\/wp-content\/uploads\/2026\/03\/IMG_7832-150x150.jpg 150w, https:\/\/bialy-diament.pl\/wp-content\/uploads\/2026\/03\/IMG_7832-768x768.jpg 768w, https:\/\/bialy-diament.pl\/wp-content\/uploads\/2026\/03\/IMG_7832.jpg 1366w\" sizes=\"(max-width: 300px) 100vw, 300px\" \/>\t\t\t\t\t\t\t\t\t\t\t\t\t\t\t<\/div>\n\t\t\t\t<\/div>\n\t\t\t\t\t<\/div>\n\t\t<\/div>\n\t\t\t\t\t<\/div>\n\t\t<\/section>\n\t\t\t\t<section class=\"elementor-section elementor-top-section elementor-element elementor-element-4462970 elementor-section-boxed elementor-section-height-default elementor-section-height-default\" data-id=\"4462970\" data-element_type=\"section\">\n\t\t\t\t\t\t<div class=\"elementor-container elementor-column-gap-default\">\n\t\t\t\t\t<div class=\"elementor-column elementor-col-100 elementor-top-column elementor-element elementor-element-10df475\" data-id=\"10df475\" data-element_type=\"column\">\n\t\t\t<div class=\"elementor-widget-wrap elementor-element-populated\">\n\t\t\t\t\t\t<div class=\"elementor-element elementor-element-eb660fc elementor-widget elementor-widget-heading\" data-id=\"eb660fc\" data-element_type=\"widget\" data-widget_type=\"heading.default\">\n\t\t\t\t<div class=\"elementor-widget-container\">\n\t\t\t\t\t<h2 class=\"elementor-heading-title elementor-size-default\">ANIMA-AMICA Bia\u0142y Diament (FC)<\/h2>\t\t\t\t<\/div>\n\t\t\t\t<\/div>\n\t\t\t\t<div class=\"elementor-element elementor-element-0271e54 elementor-widget elementor-widget-heading\" data-id=\"0271e54\" data-element_type=\"widget\" data-widget_type=\"heading.default\">\n\t\t\t\t<div class=\"elementor-widget-container\">\n\t\t\t\t\t<h2 class=\"elementor-heading-title elementor-size-default\">MAGNUS Namhok (FCI) &amp; BESTI Czar Klaudii (FCI)<br>W\u0142a\u015bcicielka: Aldona Indu\u0142a<br>Ur. 15.04.2023r<br><br>M\u0142odzie\u017cowy Champion Polski<\/h2>\t\t\t\t<\/div>\n\t\t\t\t<\/div>\n\t\t\t\t<div class=\"elementor-element elementor-element-e9c97b7 elementor-widget elementor-widget-image\" data-id=\"e9c97b7\" data-element_type=\"widget\" data-widget_type=\"image.default\">\n\t\t\t\t<div class=\"elementor-widget-container\">\n\t\t\t\t\t\t\t\t\t\t\t\t\t\t\t<img decoding=\"async\" width=\"310\" height=\"244\" src=\"https:\/\/bialy-diament.pl\/wp-content\/uploads\/2024\/08\/Pruszkow-Warszawa-CACIB.jpg\" class=\"attachment-full size-full wp-image-1060\" alt=\"\" srcset=\"https:\/\/bialy-diament.pl\/wp-content\/uploads\/2024\/08\/Pruszkow-Warszawa-CACIB.jpg 310w, https:\/\/bialy-diament.pl\/wp-content\/uploads\/2024\/08\/Pruszkow-Warszawa-CACIB-300x236.jpg 300w\" sizes=\"(max-width: 310px) 100vw, 310px\" \/>\t\t\t\t\t\t\t\t\t\t\t\t\t\t\t<\/div>\n\t\t\t\t<\/div>\n\t\t\t\t\t<\/div>\n\t\t<\/div>\n\t\t\t\t\t<\/div>\n\t\t<\/section>\n\t\t\t\t<section class=\"elementor-section elementor-top-section elementor-element elementor-element-382750f elementor-section-boxed elementor-section-height-default elementor-section-height-default\" data-id=\"382750f\" data-element_type=\"section\">\n\t\t\t\t\t\t<div class=\"elementor-container elementor-column-gap-default\">\n\t\t\t\t\t<div class=\"elementor-column elementor-col-100 elementor-top-column elementor-element elementor-element-2a890ba\" data-id=\"2a890ba\" data-element_type=\"column\">\n\t\t\t<div class=\"elementor-widget-wrap elementor-element-populated\">\n\t\t\t\t\t\t<div class=\"elementor-element elementor-element-05bd52b elementor-widget elementor-widget-heading\" data-id=\"05bd52b\" data-element_type=\"widget\" data-widget_type=\"heading.default\">\n\t\t\t\t<div class=\"elementor-widget-container\">\n\t\t\t\t\t<h2 class=\"elementor-heading-title elementor-size-default\">DIAMOND Czar Klaudii (FCI)<\/h2>\t\t\t\t<\/div>\n\t\t\t\t<\/div>\n\t\t\t\t<div class=\"elementor-element elementor-element-275b505 elementor-widget elementor-widget-heading\" data-id=\"275b505\" data-element_type=\"widget\" data-widget_type=\"heading.default\">\n\t\t\t\t<div class=\"elementor-widget-container\">\n\t\t\t\t\t<h2 class=\"elementor-heading-title elementor-size-default\">SHOWMAN FROM Superbia (FCI) &amp; AISHA Czar Krakowa (FCI)\n<br>Zosta\u0142a w hodowli<br>Ur. 30.05.2020r<br><br>M\u0142odzie\u017cowy Champion Polski<br>Champion Polski<\/h2>\t\t\t\t<\/div>\n\t\t\t\t<\/div>\n\t\t\t\t<div class=\"elementor-element elementor-element-6a83ecc elementor-widget elementor-widget-image\" data-id=\"6a83ecc\" data-element_type=\"widget\" data-widget_type=\"image.default\">\n\t\t\t\t<div class=\"elementor-widget-container\">\n\t\t\t\t\t\t\t\t\t\t\t\t\t\t\t<img decoding=\"async\" width=\"300\" height=\"225\" src=\"https:\/\/bialy-diament.pl\/wp-content\/uploads\/2022\/10\/IMG_8685-300x225.jpg\" class=\"attachment-medium size-medium wp-image-630\" alt=\"\" srcset=\"https:\/\/bialy-diament.pl\/wp-content\/uploads\/2022\/10\/IMG_8685-300x225.jpg 300w, https:\/\/bialy-diament.pl\/wp-content\/uploads\/2022\/10\/IMG_8685-1024x768.jpg 1024w, https:\/\/bialy-diament.pl\/wp-content\/uploads\/2022\/10\/IMG_8685-768x576.jpg 768w, https:\/\/bialy-diament.pl\/wp-content\/uploads\/2022\/10\/IMG_8685-1536x1152.jpg 1536w, https:\/\/bialy-diament.pl\/wp-content\/uploads\/2022\/10\/IMG_8685-2048x1536.jpg 2048w, https:\/\/bialy-diament.pl\/wp-content\/uploads\/2022\/10\/IMG_8685-1920x1440.jpg 1920w\" sizes=\"(max-width: 300px) 100vw, 300px\" \/>\t\t\t\t\t\t\t\t\t\t\t\t\t\t\t<\/div>\n\t\t\t\t<\/div>\n\t\t\t\t\t<\/div>\n\t\t<\/div>\n\t\t\t\t\t<\/div>\n\t\t<\/section>\n\t\t\t\t<section class=\"elementor-section elementor-top-section elementor-element elementor-element-9cb2d2e elementor-section-boxed elementor-section-height-default elementor-section-height-default\" data-id=\"9cb2d2e\" data-element_type=\"section\">\n\t\t\t\t\t\t<div class=\"elementor-container elementor-column-gap-default\">\n\t\t\t\t\t<div class=\"elementor-column elementor-col-100 elementor-top-column elementor-element elementor-element-8b962f3\" data-id=\"8b962f3\" data-element_type=\"column\">\n\t\t\t<div class=\"elementor-widget-wrap elementor-element-populated\">\n\t\t\t\t\t\t<div class=\"elementor-element elementor-element-de5a745 elementor-widget elementor-widget-heading\" data-id=\"de5a745\" data-element_type=\"widget\" data-widget_type=\"heading.default\">\n\t\t\t\t<div class=\"elementor-widget-container\">\n\t\t\t\t\t<h2 class=\"elementor-heading-title elementor-size-default\">BESTI Czar Klaudii (FCI)<\/h2>\t\t\t\t<\/div>\n\t\t\t\t<\/div>\n\t\t\t\t<div class=\"elementor-element elementor-element-4586645 elementor-widget elementor-widget-heading\" data-id=\"4586645\" data-element_type=\"widget\" data-widget_type=\"heading.default\">\n\t\t\t\t<div class=\"elementor-widget-container\">\n\t\t\t\t\t<h2 class=\"elementor-heading-title elementor-size-default\"><span data-elementor-setting-key=\"title\" data-pen-placeholder=\"Pisz tutaj...\" style=\"clear: both;font-family: Roboto, sans-serif\">SHOWMAN FROM Superbia (FCI) &amp; AISHA Czar Krakowa (FCI)<\/span><br>Zosta\u0142a w hodowli<br>Ur. 23.04.2018<br><br>Champion Polski<\/h2>\t\t\t\t<\/div>\n\t\t\t\t<\/div>\n\t\t\t\t<div class=\"elementor-element elementor-element-9bdce05 elementor-widget elementor-widget-image\" data-id=\"9bdce05\" data-element_type=\"widget\" data-widget_type=\"image.default\">\n\t\t\t\t<div class=\"elementor-widget-container\">\n\t\t\t\t\t\t\t\t\t\t\t\t\t\t\t<img loading=\"lazy\" decoding=\"async\" width=\"300\" height=\"202\" src=\"https:\/\/bialy-diament.pl\/wp-content\/uploads\/2020\/06\/4-1-300x202.jpg\" class=\"attachment-medium size-medium wp-image-109\" alt=\"\" srcset=\"https:\/\/bialy-diament.pl\/wp-content\/uploads\/2020\/06\/4-1-300x202.jpg 300w, https:\/\/bialy-diament.pl\/wp-content\/uploads\/2020\/06\/4-1-1024x689.jpg 1024w, https:\/\/bialy-diament.pl\/wp-content\/uploads\/2020\/06\/4-1-768x517.jpg 768w, https:\/\/bialy-diament.pl\/wp-content\/uploads\/2020\/06\/4-1-1536x1034.jpg 1536w, https:\/\/bialy-diament.pl\/wp-content\/uploads\/2020\/06\/4-1-1920x1292.jpg 1920w, https:\/\/bialy-diament.pl\/wp-content\/uploads\/2020\/06\/4-1.jpg 2000w\" sizes=\"(max-width: 300px) 100vw, 300px\" \/>\t\t\t\t\t\t\t\t\t\t\t\t\t\t\t<\/div>\n\t\t\t\t<\/div>\n\t\t\t\t\t<\/div>\n\t\t<\/div>\n\t\t\t\t\t<\/div>\n\t\t<\/section>\n\t\t\t\t<\/div>\n\t\t","protected":false},"excerpt":{"rendered":"<p>Nasze dzieci na wystawach ZAFIRA Bia\u0142y Diament (FCI) Ablorada CARUSSO &amp; BESTI Czar Klaudii (FCI)Zosta\u0142a w hodowliUr. 20.05.2025 Champion Polski Szczeni\u0105t ANIMA-AMICA Bia\u0142y Diament (FC) MAGNUS Namhok (FCI) &amp; BESTI&hellip;<\/p>\n","protected":false},"author":1,"featured_media":0,"parent":0,"menu_order":0,"comment_status":"closed","ping_status":"closed","template":"","meta":{"footnotes":""},"class_list":["post-1057","page","type-page","status-publish","hentry"],"_links":{"self":[{"href":"https:\/\/bialy-diament.pl\/index.php?rest_route=\/wp\/v2\/pages\/1057","targetHints":{"allow":["GET"]}}],"collection":[{"href":"https:\/\/bialy-diament.pl\/index.php?rest_route=\/wp\/v2\/pages"}],"about":[{"href":"https:\/\/bialy-diament.pl\/index.php?rest_route=\/wp\/v2\/types\/page"}],"author":[{"embeddable":true,"href":"https:\/\/bialy-diament.pl\/index.php?rest_route=\/wp\/v2\/users\/1"}],"replies":[{"embeddable":true,"href":"https:\/\/bialy-diament.pl\/index.php?rest_route=%2Fwp%2Fv2%2Fcomments&post=1057"}],"version-history":[{"count":8,"href":"https:\/\/bialy-diament.pl\/index.php?rest_route=\/wp\/v2\/pages\/1057\/revisions"}],"predecessor-version":[{"id":1228,"href":"https:\/\/bialy-diament.pl\/index.php?rest_route=\/wp\/v2\/pages\/1057\/revisions\/1228"}],"wp:attachment":[{"href":"https:\/\/bialy-diament.pl\/index.php?rest_route=%2Fwp%2Fv2%2Fmedia&parent=1057"}],"curies":[{"name":"wp","href":"https:\/\/api.w.org\/{rel}","templated":true}]}}